{"id":275,"date":"2018-05-21T14:34:54","date_gmt":"2018-05-21T14:34:54","guid":{"rendered":"https:\/\/rasfa.org\/?page_id=275"},"modified":"2018-08-22T09:38:33","modified_gmt":"2018-08-22T09:38:33","slug":"politica-de-cookies","status":"publish","type":"page","link":"https:\/\/rasfa.org\/?page_id=275","title":{"rendered":"Pol\u00edtica de cookies"},"content":{"rendered":"[vc_row][vc_column][mk_fancy_title color=\u00bb#122a41&#8243; size=\u00bb24&#8243; font_family=\u00bbnone\u00bb]Pol\u00edtica de Cookies[\/mk_fancy_title][vc_column_text css=\u00bb.vc_custom_1534926128257{margin-bottom: 0px !important;}\u00bb]De conformitat a l&#8217;establert pel Reial decret 13\/2012, sobre l&#8217;obligaci\u00f3 del deure informaci\u00f3 sobre les cookies que utilitza la nostra Web i de l&#8217;obligaci\u00f3 d&#8217;obtenir el seu consentiment, posem a la seva disposici\u00f3 la seg\u00fcent pol\u00edtica de cookies.[\/vc_column_text][mk_fancy_title color=\u00bb#008000&#8243; size=\u00bb20&#8243; margin_top=\u00bb20&#8243; font_family=\u00bbnone\u00bb]Qu\u00e8 s\u00f3n les cookies i per qu\u00e8 les utilitzem en el lloc web?[\/mk_fancy_title][vc_column_text css=\u00bb.vc_custom_1534926199270{margin-bottom: 0px !important;}\u00bb]Una cookie \u00e9s un arxiu que es descarrega en el dispositiu per l&#8217;usuari per accedir a determinat lloc web per emmagatzemar i recuperar informaci\u00f3 sobre la navegaci\u00f3 que es fa en l&#8217;ordinador.<br \/>\nLes cookies permeten a aquest lloc web, entre altres coses, emmagatzemar i recuperar informaci\u00f3 sobre les opcions i els h\u00e0bits de l&#8217;usuari. En el lloc web, les cookies que existeixen s\u00f3n necess\u00e0ries per al funcionament d&#8217;aquesta.<br \/>\n\u00c9s important tenir en compte que l&#8217;\u00fas de cookies no proporciona dades personals de l&#8217;usuari.[\/vc_column_text][mk_fancy_title color=\u00bb#008000&#8243; size=\u00bb20&#8243; margin_top=\u00bb20&#8243; font_family=\u00bbnone\u00bb]Quin tipus de cookies existeixen?[\/mk_fancy_title][vc_column_text css=\u00bb.vc_custom_1534926243008{margin-bottom: 0px !important;}\u00bb]<strong>Cookies pr\u00f2pies o de tercers:<\/strong> les cookies pr\u00f2pies son aquelles que s\u2019envien a l\u2019equip terminal de l\u2019usuari des de un equipo o domini gestionat pel propi editor i des de el qual es presta el servei sol\u00b7licitat per l\u2019usuari. I, les cookies de tercers, que s\u00f3n aquelles que s\u2019envien a l\u2019equipo terminal de l\u2019usuari des de un equipo o domini que no es gestionat per l\u2019editor, si no per una altra entitat que tracta les dades obtingudes trav\u00e9s de las cookies.<\/p>\n<p><strong>Cookies de sessi\u00f3 i persistents:<\/strong> en les de sessi\u00f3, les dades recaptades nom\u00e9s es recullen mentre l&#8217;usuari est\u00e0 navegant per la p\u00e0gina web i que s\u00f3n eliminades en tancar el navegador. En el cas de les persistents, les dades continuen emmagatzemats en el terminal durant un per\u00edode de temps determinat, facilitant aix\u00ed el control de les prefer\u00e8ncies triades sense haver de repetir certs par\u00e0metres cada vegada que es visiti el lloc web.<\/p>\n<p><strong>Cookies t\u00e8cniques\/personalitzaci\u00f3\/an\u00e0lisis\/publicit\u00e0ries:<\/strong> les cookies t\u00e8cniques serien les que permeten controlar el tr\u00e0fic i la comunicaci\u00f3 de dades; les de personalitzaci\u00f3, les que deixen als usuaris accedir segons algunes caracter\u00edstiques pr\u00f2pies que es recullen (navegador, idioma, etc.). Les d&#8217;an\u00e0lisis s\u00f3n aquelles que permeten al responsable d&#8217;aquestes, el seguiment i an\u00e0lisi del comportament dels usuaris dels llocs web als quals estan vinculades, recullen dades sobre el comportament dels usuaris i permeten elaborar un perfil d&#8217;usuari. Finalment, les publicit\u00e0ries recullen dades sobre la gesti\u00f3 dels espais publicitaris.[\/vc_column_text][mk_fancy_title color=\u00bb#008000&#8243; size=\u00bb20&#8243; margin_top=\u00bb20&#8243; font_family=\u00bbnone\u00bb]Quin tipus de cookies utilitza la web?[\/mk_fancy_title][mk_table]\n<table width=\"100%\">\n<thead>\n<tr>\n<th>Nom<\/th>\n<th>Domini<\/th>\n<th>Finalitat<\/th>\n<th>Venciment<\/th>\n<\/tr>\n<\/thead>\n<tbody>\n<tr>\n<td>_ga<\/td>\n<td>.rasfa.org<\/td>\n<td>Cookie de Google. S&#8217;utilitza per distingir als usuaris.<\/td>\n<td>2 anys<\/td>\n<\/tr>\n<tr>\n<td>_gat<\/td>\n<td>.rasfa.org<\/td>\n<td>S&#8217;utilitza per diferenciar entre els diferents objectes de seguiment creats en la sessi\u00f3. La cookie es crea en carregar la llibreria javascript i no existeix una versi\u00f3 pr\u00e8via de la cookie _gat. La cookie s&#8217;actualitza cada vegada que envia les dades a Google Analytics.<\/td>\n<td>10 min<\/td>\n<\/tr>\n<tr>\n<td>_gid<\/td>\n<td>.rasfa.org<\/td>\n<td>Cookie de Google. S&#8217;utilitza per distingir als usuaris.<\/td>\n<td>24 hores<\/td>\n<\/tr>\n<tr>\n<td>catAccCookies<\/td>\n<td>Description<\/td>\n<td>Controla l\u2019av\u00eds de cookies<\/td>\n<td>Permanent<\/td>\n<\/tr>\n<tr>\n<td>_utma<\/td>\n<td>.google.com<\/td>\n<td>S&#8217;usa per distingir usuaris i sessions.<\/td>\n<td>2 anys<\/td>\n<\/tr>\n<tr>\n<td>1P_JAR<\/td>\n<td>.google.com<\/td>\n<td>S\u2019utilitza per fer la publicitat m\u00e9s atractiva<\/td>\n<td>1 mes<\/td>\n<\/tr>\n<tr>\n<td>CONSENT<\/td>\n<td>.google.com<\/td>\n<td>Implanten determinades utilitats de Google i poden emmagatzemar certes prefer\u00e8ncies<\/td>\n<td>20 anys<\/td>\n<\/tr>\n<tr>\n<td>NID<\/td>\n<td>.google.com<\/td>\n<td>La cookie NID cont\u00e9 un ID \u00fanic que Google utilitza per recordar les prefer\u00e8ncies de l\u2019usuari<\/td>\n<td>6 mesos<\/td>\n<\/tr>\n<\/tbody>\n<\/table>\n[\/mk_table][vc_column_text css=\u00bb.vc_custom_1534930333501{margin-bottom: 0px !important;}\u00bb]Per m\u00e9s informaci\u00f3 sobre l\u2019\u00fas de les cookies de Google, l\u2019usuari es pot dirigir <a href=\"https:\/\/policies.google.com\/technologies\/types?hl=es\">aqu\u00ed<\/a>.[\/vc_column_text][mk_fancy_title color=\u00bb#008000&#8243; size=\u00bb20&#8243; margin_top=\u00bb20&#8243; font_family=\u00bbnone\u00bb]Com desactivar les cookies en el seu navegador?[\/mk_fancy_title][vc_column_text css=\u00bb.vc_custom_1534930230237{margin-bottom: 0px !important;}\u00bb]L&#8217;usuari pot configurar el seu navegador per no acceptar l&#8217;\u00fas de cookies, en aquest cas, la personalitzaci\u00f3 de l&#8217;experi\u00e8ncia no s&#8217;aplica. Si selecciona aquesta configuraci\u00f3 no ser\u00e0 capa\u00e7 d&#8217;accedir a certes parts del lloc web, perqu\u00e8 pot causar una navegaci\u00f3 menys efica\u00e7.<\/p>\n<p>La majoria dels navegadors avui dia permet a l&#8217;usuari configurar si desitja acceptar cookies i quins d&#8217;elles. Aquests valors es troben en els \u00abpar\u00e0metres\u00bb o men\u00fa \u00abPrefer\u00e8ncies\u00bb del teu navegador.<\/p>\n<p>Aqu\u00ed estan les instruccions per configurar cookies per als navegadors principals:<\/p>\n<ul>\n<li><strong>Chrome\u00a0<\/strong>Ajustos &#8211; Opcions avan\u00e7ades &#8211; Mostrar: configuraci\u00f3 contingut &#8211; Pol\u00edtica de privacitat &#8211; per m\u00e9s informaci\u00f3 pot consultar l\u2019ajuda de Google o l\u2019ajuda del seu navegador.<\/li>\n<li><strong>Firefox:\u00a0<\/strong>Eines &#8211; Opcions &#8211; Privacitat: &#8211; Historial &#8211; Configuraci\u00f3.\u00a0Per m\u00e9s informaci\u00f3, consulti l\u2019ajuda de Mozilla o l\u2019ajuda del seu navegador.<\/li>\n<li><strong>Internet Explorer\u00a0<\/strong>: Eines &#8211; Opcions de Internet &#8211; Privacitat &#8211; Configuraci\u00f3.\u00a0Per obtenir m\u00e9s informaci\u00f3, pot consultar el suport t\u00e8cnic de Microsoft o l\u2019ajuda del seu navegador.<\/li>\n<li><strong>Safari\u00a0<\/strong>: Ajustos &#8211; Seguretat.\u00a0Per m\u00e9s informaci\u00f3, consulti el suport d\u2019Apple o l\u2019ajuda del seu navegador.<\/li>\n<\/ul>\n[\/vc_column_text][\/vc_column][\/vc_row]\n","protected":false},"excerpt":{"rendered":"<p>[vc_row][vc_column][mk_fancy_title color=\u00bb#122a41&#8243; size=\u00bb24&#8243; font_family=\u00bbnone\u00bb]Pol\u00edtica de Cookies[\/mk_fancy_title][vc_column_text css=\u00bb.vc_custom_1534926128257{margin-bottom: 0px !important;}\u00bb]De conformitat a l&#8217;establert pel Reial decret 13\/2012, sobre l&#8217;obligaci\u00f3 del deure informaci\u00f3 sobre les cookies que utilitza la nostra Web i de l&#8217;obligaci\u00f3 d&#8217;obtenir el seu consentiment, posem a la seva disposici\u00f3 la seg\u00fcent pol\u00edtica de cookies.[\/vc_column_text][mk_fancy_title color=\u00bb#008000&#8243; size=\u00bb20&#8243; margin_top=\u00bb20&#8243; font_family=\u00bbnone\u00bb]Qu\u00e8 s\u00f3n les cookies i per [&hellip;]<\/p>\n","protected":false},"author":1,"featured_media":0,"parent":0,"menu_order":0,"comment_status":"closed","ping_status":"closed","template":"","meta":{"footnotes":""},"class_list":["post-275","page","type-page","status-publish","hentry"],"_links":{"self":[{"href":"https:\/\/rasfa.org\/index.php?rest_route=\/wp\/v2\/pages\/275","targetHints":{"allow":["GET"]}}],"collection":[{"href":"https:\/\/rasfa.org\/index.php?rest_route=\/wp\/v2\/pages"}],"about":[{"href":"https:\/\/rasfa.org\/index.php?rest_route=\/wp\/v2\/types\/page"}],"author":[{"embeddable":true,"href":"https:\/\/rasfa.org\/index.php?rest_route=\/wp\/v2\/users\/1"}],"replies":[{"embeddable":true,"href":"https:\/\/rasfa.org\/index.php?rest_route=%2Fwp%2Fv2%2Fcomments&post=275"}],"version-history":[{"count":4,"href":"https:\/\/rasfa.org\/index.php?rest_route=\/wp\/v2\/pages\/275\/revisions"}],"predecessor-version":[{"id":332,"href":"https:\/\/rasfa.org\/index.php?rest_route=\/wp\/v2\/pages\/275\/revisions\/332"}],"wp:attachment":[{"href":"https:\/\/rasfa.org\/index.php?rest_route=%2Fwp%2Fv2%2Fmedia&parent=275"}],"curies":[{"name":"wp","href":"https:\/\/api.w.org\/{rel}","templated":true}]}}